{"id":1278,"date":"2021-09-21T15:41:42","date_gmt":"2021-09-21T13:41:42","guid":{"rendered":"https:\/\/mord-in-der-krypta-escape-game.de\/?page_id=1278"},"modified":"2023-09-07T16:07:50","modified_gmt":"2023-09-07T14:07:50","slug":"000-teammodus","status":"publish","type":"page","link":"https:\/\/mord-in-der-krypta-escape-game.de\/","title":{"rendered":"00 &#8211; Spielstart"},"content":{"rendered":"<p>[et_pb_section fb_built=&#8220;1&#8243; _builder_version=&#8220;4.21.0&#8243; _module_preset=&#8220;default&#8220; background_image=&#8220;https:\/\/mord-in-der-krypta-escape-game.de\/wp-content\/uploads\/2023\/08\/P2848-OEG-Totengraeber-III-Hintergrund.jpg&#8220; parallax=&#8220;on&#8220; parallax_method=&#8220;off&#8220; min_height=&#8220;1000px&#8220; custom_margin=&#8220;||||false|false&#8220; custom_padding=&#8220;100px||||false|false&#8220; global_colors_info=&#8220;{}&#8220;][et_pb_row admin_label=&#8220;Zeile&#8220; _builder_version=&#8220;4.21.0&#8243; _module_preset=&#8220;default&#8220; background_color=&#8220;rgba(10,0,0,0.3)&#8220; global_colors_info=&#8220;{}&#8220;][et_pb_column type=&#8220;4_4&#8243; _builder_version=&#8220;4.19.0&#8243; _module_preset=&#8220;default&#8220; global_colors_info=&#8220;{}&#8220;][et_pb_text _builder_version=&#8220;4.21.0&#8243; _module_preset=&#8220;default&#8220; header_font=&#8220;|600||on|||||&#8220; header_text_color=&#8220;#00a52e&#8220; header_font_size=&#8220;40px&#8220; header_2_font=&#8220;||||||||&#8220; header_2_text_color=&#8220;#FFFFFF&#8220; header_2_font_size=&#8220;40px&#8220; custom_margin=&#8220;||8px|||&#8220; global_colors_info=&#8220;{}&#8220;]<\/p>\n<h2 style=\"text-align: center;\">Online Escape Game<\/h2>\n<h1 id=\"title\" class=\"a-spacing-none a-text-normal\" style=\"text-align: center;\"><span id=\"productTitle\" class=\"a-size-extra-large celwidget\" data-csa-c-id=\"sk2ow2-ibyl0p-l0u5gh-7ked5z\" data-cel-widget=\"productTitle\">Der Totengr\u00e4ber und der Mord in der Krypta<\/span><\/h1>\n<p>[\/et_pb_text][et_pb_divider color=&#8220;#00A52E&#8220; _builder_version=&#8220;4.21.0&#8243; _module_preset=&#8220;default&#8220; global_colors_info=&#8220;{}&#8220;][\/et_pb_divider][\/et_pb_column][\/et_pb_row][et_pb_row column_structure=&#8220;2_5,3_5&#8243; admin_label=&#8220;Zeile&#8220; _builder_version=&#8220;4.21.0&#8243; _module_preset=&#8220;default&#8220; global_colors_info=&#8220;{}&#8220;][et_pb_column type=&#8220;2_5&#8243; _builder_version=&#8220;4.21.0&#8243; _module_preset=&#8220;default&#8220; global_colors_info=&#8220;{}&#8220;][et_pb_image src=&#8220;https:\/\/mord-in-der-krypta-escape-game.de\/wp-content\/uploads\/2023\/08\/30da08968298e65466460e0a1f20c37f4ead0b.jpg&#8220; title_text=&#8220;30da08968298e65466460e0a1f20c37f4ead0b&#8220; _builder_version=&#8220;4.21.0&#8243; _module_preset=&#8220;default&#8220; global_colors_info=&#8220;{}&#8220;][\/et_pb_image][\/et_pb_column][et_pb_column type=&#8220;3_5&#8243; _builder_version=&#8220;4.21.0&#8243; _module_preset=&#8220;default&#8220; global_colors_info=&#8220;{}&#8220;][et_pb_text _builder_version=&#8220;4.21.0&#8243; _module_preset=&#8220;default&#8220; text_text_color=&#8220;#ffffff&#8220; header_text_color=&#8220;#00A52E&#8220; header_line_height=&#8220;1.7em&#8220; header_3_font=&#8220;|700|||||||&#8220; header_3_text_color=&#8220;#00A52E&#8220; global_colors_info=&#8220;{}&#8220;]<\/p>\n<h1 style=\"text-align: left;\">Prolog zum Spiel<\/h1>\n<p>Wien, ca. 1853: Es ist eine st\u00fcrmische Nacht. Ein frischer Wind weht Dietmar um die Nase, als er durch die n\u00e4chtliche Stadt schleicht. Gerade ist er aus dem Waisenhaus in Margareten im f\u00fcnften Bezirk geflohen, in dem er aufgewachsen ist. Schlimm genug, dass er dort seit Jahren den Torturen durch die anderen Kinder ausgeliefert war. Anfangs machten die vereinzelten Besuche seiner Mutter einiges gut, aber die blieben eines Tages einfach aus.<\/p>\n<p>Aber jetzt zu seinem Geburtstag hatte sich etwas ver\u00e4ndert. Er erhielt einen Brief, unterzeichnet einzig von den Initialen F.S. Der Inhalt war jedoch umso brisanter: Der Absender, der sich als Dietmars Vater offenbarte, stellte diesen vor eine Herausforderung. Er solle seine Forschungen zu Ende bringen und der Welt die Wahrheit pr\u00e4sentieren. Doch zun\u00e4chst m\u00fcsse er sich als w\u00fcrdig erweisen und selbst herausfinden, worum es in dem Verm\u00e4chtnis seines Vaters ginge. Dazu solle er sich in sein altes Laboratorium in den Katakomben des Schlosses Cobenzl auf dem Reisenberg begeben und der Spur seines Vaters folgen. Der Brief enthielt aber auch eine Warnung. Carl Schuh, der neue Hausherr des Schlosses, sei ein b\u00f6ser Mann, dem er auf keinem Fall in die F\u00e4nge gehen d\u00fcrfe.<\/p>\n<p>Befl\u00fcgelt durch den Inhalt des Briefs und mit einem neuen Kribbeln im Bauch, endlich mehr \u00fcber seine Wurzeln zu erfahren, hatte sich Dietmar also auf den Weg gemacht, um die Herausforderung anzunehmen. Als er jetzt in der Dunkelheit unterwegs ist, ist die Angst, erwischt zu werden, sein st\u00e4ndiger Begleiter. Doch Dietmar ist sich sicher, dass es sich lohnen wird. Er m\u00fcsste nur lautlos und schnell wie ein Schatten sein, um die Geheimnisse des Labors zu l\u00fcften&#8230;<\/p>\n<p>[\/et_pb_text][\/et_pb_column][\/et_pb_row][et_pb_row admin_label=&#8220;Zeile&#8220; _builder_version=&#8220;4.21.0&#8243; _module_preset=&#8220;default&#8220; background_color=&#8220;rgba(10,0,0,0.3)&#8220; global_colors_info=&#8220;{}&#8220;][et_pb_column type=&#8220;4_4&#8243; admin_label=&#8220;Spalte&#8220; _builder_version=&#8220;4.19.0&#8243; _module_preset=&#8220;default&#8220; global_colors_info=&#8220;{}&#8220;][et_pb_text admin_label=&#8220;Text&#8220; _builder_version=&#8220;4.21.0&#8243; _module_preset=&#8220;default&#8220; header_font=&#8220;|300|||||||&#8220; header_text_color=&#8220;#E40045&#8243; header_font_size=&#8220;40px&#8220; header_2_font=&#8220;||||||||&#8220; header_2_text_color=&#8220;#FFFFFF&#8220; header_2_font_size=&#8220;40px&#8220; custom_margin=&#8220;||8px|||&#8220; global_colors_info=&#8220;{}&#8220;]<\/p>\n<h2 style=\"text-align: center;\">Neues Spiel anlegen<\/h2>\n<p>[\/et_pb_text][et_pb_divider color=&#8220;#00a52e&#8220; _builder_version=&#8220;4.21.0&#8243; _module_preset=&#8220;default&#8220; global_colors_info=&#8220;{}&#8220;][\/et_pb_divider][\/et_pb_column][\/et_pb_row][et_pb_row column_structure=&#8220;1_2,1_2&#8243; _builder_version=&#8220;4.21.0&#8243; _module_preset=&#8220;default&#8220; background_color=&#8220;rgba(10,0,0,0.3)&#8220; global_colors_info=&#8220;{}&#8220;][et_pb_column type=&#8220;1_2&#8243; _builder_version=&#8220;4.21.0&#8243; _module_preset=&#8220;default&#8220; global_colors_info=&#8220;{}&#8220;][et_pb_text disabled_on=&#8220;off|off|off&#8220; module_id=&#8220;team_form_text&#8220; _builder_version=&#8220;4.21.0&#8243; text_font=&#8220;||||||||&#8220; text_text_color=&#8220;#ffffff&#8220; text_font_size=&#8220;14px&#8220; header_font=&#8220;|||on|||||&#8220; header_text_color=&#8220;#FFFFFF&#8220; header_font_size=&#8220;24px&#8220; header_3_font=&#8220;||||||||&#8220; header_3_text_color=&#8220;#FFFFFF&#8220; background_color=&#8220;rgba(0,0,0,0)&#8220; custom_padding=&#8220;15px|15px|15px|15px|false|false&#8220; global_colors_info=&#8220;{}&#8220;]<\/p>\n<h3 style=\"text-align: center;\"><strong>Neues Team erstellen<\/strong><\/h3>\n<p style=\"text-align: center;\">Vergib einen Teamnamen und schicke die Team-ID<br \/>(automatisch generiert) an deine Kollegen.<\/p>\n<p>[\/et_pb_text][\/et_pb_column][et_pb_column type=&#8220;1_2&#8243; _builder_version=&#8220;4.21.0&#8243; _module_preset=&#8220;default&#8220; global_colors_info=&#8220;{}&#8220;][et_pb_text disabled_on=&#8220;off|off|off&#8220; module_id=&#8220;team_form_text&#8220; _builder_version=&#8220;4.21.0&#8243; text_font=&#8220;MAN EU Regular||||||||&#8220; text_text_color=&#8220;#FFFFFF&#8220; text_font_size=&#8220;14px&#8220; header_font=&#8220;|||on|||||&#8220; header_text_color=&#8220;#FFFFFF&#8220; header_font_size=&#8220;24px&#8220; header_3_font=&#8220;||||||||&#8220; header_3_text_color=&#8220;#FFFFFF&#8220; background_color=&#8220;rgba(0,0,0,0)&#8220; custom_margin=&#8220;||0px||false|false&#8220; custom_padding=&#8220;15px|15px||15px|false|false&#8220; global_colors_info=&#8220;{}&#8220;]<\/p>\n<h3 style=\"text-align: center;\"><strong>Bestehendem Team beitreten<\/strong><\/h3>\n<p>[\/et_pb_text][et_pb_text disabled_on=&#8220;off|off|off&#8220; module_id=&#8220;team_form_text&#8220; _builder_version=&#8220;4.21.0&#8243; text_font=&#8220;||||||||&#8220; text_text_color=&#8220;#FFFFFF&#8220; text_font_size=&#8220;14px&#8220; header_font=&#8220;|||on|||||&#8220; header_text_color=&#8220;#FFFFFF&#8220; header_font_size=&#8220;24px&#8220; header_3_font=&#8220;MAN EU Regular||||||||&#8220; header_3_text_color=&#8220;#FFFFFF&#8220; background_color=&#8220;rgba(0,0,0,0)&#8220; custom_padding=&#8220;|15px|15px|15px|false|false&#8220; global_colors_info=&#8220;{}&#8220;]<\/p>\n<p style=\"text-align: center;\">Ein Mitspieler hat bereits ein Team erstellt?<br \/>Dann gib die bestehende Team-ID hier ein.<\/p>\n<p>[\/et_pb_text][\/et_pb_column][\/et_pb_row][et_pb_row column_structure=&#8220;1_2,1_2&#8243; _builder_version=&#8220;4.21.0&#8243; _module_preset=&#8220;default&#8220; background_color=&#8220;rgba(10,0,0,0.3)&#8220; hover_enabled=&#8220;0&#8243; global_colors_info=&#8220;{}&#8220; sticky_enabled=&#8220;0&#8243;][et_pb_column type=&#8220;1_2&#8243; _builder_version=&#8220;4.21.0&#8243; _module_preset=&#8220;default&#8220; global_colors_info=&#8220;{}&#8220;][et_pb_contact_form captcha=&#8220;off&#8220; submit_button_text=&#8220;Team erstellen&#8220; module_id=&#8220;create-team-form&#8220; _builder_version=&#8220;4.21.0&#8243; _unique_id=&#8220;b3127b3f-98fc-422f-8445-1164244fd485&#8243; title_font=&#8220;MAN EU Regular||||||||&#8220; captcha_font=&#8220;MAN EU Regular||||||||&#8220; form_field_text_align=&#8220;center&#8220; custom_button=&#8220;on&#8220; button_text_color=&#8220;#f1f1f8&#8243; button_bg_color=&#8220;#00A52E&#8220; button_border_width=&#8220;0px&#8220; button_border_radius=&#8220;0px&#8220; button_font=&#8220;MAN EU Medium||||||||&#8220; width=&#8220;80%&#8220; module_alignment=&#8220;center&#8220; locked=&#8220;off&#8220; global_colors_info=&#8220;{}&#8220;][et_pb_contact_field field_id=&#8220;create-team-name&#8220; field_title=&#8220;Dein Team-\/Spielername&#8220; fullwidth_field=&#8220;on&#8220; _builder_version=&#8220;4.18.0&#8243; _module_preset=&#8220;default&#8220; global_colors_info=&#8220;{}&#8220;][\/et_pb_contact_field][et_pb_contact_field field_id=&#8220;create-team-uuid&#8220; field_title=&#8220;Eure Team-ID&#8220; min_length=&#8220;6&#8243; max_length=&#8220;6&#8243; allowed_symbols=&#8220;alphanumeric&#8220; required_mark=&#8220;off&#8220; fullwidth_field=&#8220;on&#8220; _builder_version=&#8220;4.18.0&#8243; global_colors_info=&#8220;{}&#8220; button_text_size__hover_enabled=&#8220;off&#8220; button_one_text_size__hover_enabled=&#8220;off&#8220; button_two_text_size__hover_enabled=&#8220;off&#8220; button_text_color__hover_enabled=&#8220;off&#8220; button_one_text_color__hover_enabled=&#8220;off&#8220; button_two_text_color__hover_enabled=&#8220;off&#8220; button_border_width__hover_enabled=&#8220;off&#8220; button_one_border_width__hover_enabled=&#8220;off&#8220; button_two_border_width__hover_enabled=&#8220;off&#8220; button_border_color__hover_enabled=&#8220;off&#8220; button_one_border_color__hover_enabled=&#8220;off&#8220; button_two_border_color__hover_enabled=&#8220;off&#8220; button_border_radius__hover_enabled=&#8220;off&#8220; button_one_border_radius__hover_enabled=&#8220;off&#8220; button_two_border_radius__hover_enabled=&#8220;off&#8220; button_letter_spacing__hover_enabled=&#8220;off&#8220; button_one_letter_spacing__hover_enabled=&#8220;off&#8220; button_two_letter_spacing__hover_enabled=&#8220;off&#8220; button_bg_color__hover_enabled=&#8220;off&#8220; button_one_bg_color__hover_enabled=&#8220;off&#8220; button_two_bg_color__hover_enabled=&#8220;off&#8220;][\/et_pb_contact_field][\/et_pb_contact_form][\/et_pb_column][et_pb_column type=&#8220;1_2&#8243; _builder_version=&#8220;4.21.0&#8243; _module_preset=&#8220;default&#8220; global_colors_info=&#8220;{}&#8220;][et_pb_contact_form captcha=&#8220;off&#8220; submit_button_text=&#8220;Team verlassen&#8220; disabled_on=&#8220;off|off|off&#8220; admin_label=&#8220;Kontaktformular&#8220; module_id=&#8220;leave-team-form&#8220; _builder_version=&#8220;4.21.0&#8243; _unique_id=&#8220;6c959701-6826-4f79-93a0-5b585d16d18b&#8220; title_font=&#8220;MAN EU Regular||||||||&#8220; captcha_font=&#8220;MAN EU Regular||||||||&#8220; custom_button=&#8220;on&#8220; button_text_color=&#8220;#ffffff&#8220; button_bg_color=&#8220;#02280b&#8220; button_border_width=&#8220;0px&#8220; button_border_radius=&#8220;0px&#8220; button_font=&#8220;MAN EU Medium||||||||&#8220; width=&#8220;80%&#8220; module_alignment=&#8220;center&#8220; hover_enabled=&#8220;0&#8243; locked=&#8220;off&#8220; global_colors_info=&#8220;{}&#8220; sticky_enabled=&#8220;0&#8243;][et_pb_contact_field field_id=&#8220;leave-team-uuid&#8220; field_title=&#8220;Team-ID&#8220; min_length=&#8220;6&#8243; max_length=&#8220;6&#8243; allowed_symbols=&#8220;alphanumeric&#8220; required_mark=&#8220;off&#8220; fullwidth_field=&#8220;on&#8220; _builder_version=&#8220;4.18.0&#8243; hover_enabled=&#8220;0&#8243; global_colors_info=&#8220;{}&#8220; button_text_size__hover_enabled=&#8220;off&#8220; button_one_text_size__hover_enabled=&#8220;off&#8220; button_two_text_size__hover_enabled=&#8220;off&#8220; button_text_color__hover_enabled=&#8220;off&#8220; button_one_text_color__hover_enabled=&#8220;off&#8220; button_two_text_color__hover_enabled=&#8220;off&#8220; button_border_width__hover_enabled=&#8220;off&#8220; button_one_border_width__hover_enabled=&#8220;off&#8220; button_two_border_width__hover_enabled=&#8220;off&#8220; button_border_color__hover_enabled=&#8220;off&#8220; button_one_border_color__hover_enabled=&#8220;off&#8220; button_two_border_color__hover_enabled=&#8220;off&#8220; button_border_radius__hover_enabled=&#8220;off&#8220; button_one_border_radius__hover_enabled=&#8220;off&#8220; button_two_border_radius__hover_enabled=&#8220;off&#8220; button_letter_spacing__hover_enabled=&#8220;off&#8220; button_one_letter_spacing__hover_enabled=&#8220;off&#8220; button_two_letter_spacing__hover_enabled=&#8220;off&#8220; button_bg_color__hover_enabled=&#8220;off&#8220; button_one_bg_color__hover_enabled=&#8220;off&#8220; button_two_bg_color__hover_enabled=&#8220;off&#8220; sticky_enabled=&#8220;0&#8243;][\/et_pb_contact_field][\/et_pb_contact_form][et_pb_contact_form captcha=&#8220;off&#8220; submit_button_text=&#8220;Team beitreten&#8220; disabled_on=&#8220;off|off|off&#8220; admin_label=&#8220;Kontaktformular&#8220; module_id=&#8220;join-team-form&#8220; _builder_version=&#8220;4.21.0&#8243; _unique_id=&#8220;619f1ec6-fa71-4006-9e24-4b7f10889262&#8243; title_font=&#8220;MAN EU Regular||||||||&#8220; captcha_font=&#8220;MAN EU Regular||||||||&#8220; custom_button=&#8220;on&#8220; button_text_color=&#8220;#F1F1F8&#8243; button_bg_color=&#8220;#00a52e&#8220; button_border_width=&#8220;0px&#8220; button_border_radius=&#8220;0px&#8220; button_font=&#8220;MAN EU Medium||||||||&#8220; width=&#8220;80%&#8220; module_alignment=&#8220;center&#8220; hover_enabled=&#8220;0&#8243; locked=&#8220;off&#8220; global_colors_info=&#8220;{}&#8220; sticky_enabled=&#8220;0&#8243;][et_pb_contact_field field_id=&#8220;join-team-uuid&#8220; field_title=&#8220;Team-ID eingeben&#8220; min_length=&#8220;6&#8243; max_length=&#8220;6&#8243; allowed_symbols=&#8220;alphanumeric&#8220; required_mark=&#8220;off&#8220; fullwidth_field=&#8220;on&#8220; _builder_version=&#8220;4.18.0&#8243; hover_enabled=&#8220;0&#8243; global_colors_info=&#8220;{}&#8220; button_text_size__hover_enabled=&#8220;off&#8220; button_one_text_size__hover_enabled=&#8220;off&#8220; button_two_text_size__hover_enabled=&#8220;off&#8220; button_text_color__hover_enabled=&#8220;off&#8220; button_one_text_color__hover_enabled=&#8220;off&#8220; button_two_text_color__hover_enabled=&#8220;off&#8220; button_border_width__hover_enabled=&#8220;off&#8220; button_one_border_width__hover_enabled=&#8220;off&#8220; button_two_border_width__hover_enabled=&#8220;off&#8220; button_border_color__hover_enabled=&#8220;off&#8220; button_one_border_color__hover_enabled=&#8220;off&#8220; button_two_border_color__hover_enabled=&#8220;off&#8220; button_border_radius__hover_enabled=&#8220;off&#8220; button_one_border_radius__hover_enabled=&#8220;off&#8220; button_two_border_radius__hover_enabled=&#8220;off&#8220; button_letter_spacing__hover_enabled=&#8220;off&#8220; button_one_letter_spacing__hover_enabled=&#8220;off&#8220; button_two_letter_spacing__hover_enabled=&#8220;off&#8220; button_bg_color__hover_enabled=&#8220;off&#8220; button_one_bg_color__hover_enabled=&#8220;off&#8220; button_two_bg_color__hover_enabled=&#8220;off&#8220; sticky_enabled=&#8220;0&#8243;][\/et_pb_contact_field][\/et_pb_contact_form][\/et_pb_column][\/et_pb_row][et_pb_row _builder_version=&#8220;4.21.0&#8243; _module_preset=&#8220;default&#8220; background_color=&#8220;rgba(10,0,0,0.3)&#8220; custom_margin=&#8220;0px||||false|false&#8220; global_colors_info=&#8220;{}&#8220;][et_pb_column type=&#8220;4_4&#8243; _builder_version=&#8220;4.19.0&#8243; _module_preset=&#8220;default&#8220; global_colors_info=&#8220;{}&#8220;][et_pb_divider color=&#8220;#00A52E&#8220; _builder_version=&#8220;4.21.0&#8243; _module_preset=&#8220;default&#8220; global_colors_info=&#8220;{}&#8220;][\/et_pb_divider][et_pb_text _builder_version=&#8220;4.21.0&#8243; _module_preset=&#8220;default&#8220; header_3_font=&#8220;|700|||||||&#8220; header_3_text_color=&#8220;#00A52E&#8220; global_colors_info=&#8220;{}&#8220;]<\/p>\n<h3 style=\"text-align: center;\">Neues Spiel erstellt? Dann kann es losgehen!<\/h3>\n<p>[\/et_pb_text][et_pb_text _builder_version=&#8220;4.21.0&#8243; _module_preset=&#8220;default&#8220; custom_padding=&#8220;|10%||10%|false|false&#8220; global_colors_info=&#8220;{}&#8220;]<\/p>\n<p style=\"text-align: center;\"><script type=\"text\/javascript\">var gform;gform||(document.addEventListener(\"gform_main_scripts_loaded\",function(){gform.scriptsLoaded=!0}),window.addEventListener(\"DOMContentLoaded\",function(){gform.domLoaded=!0}),gform={domLoaded:!1,scriptsLoaded:!1,initializeOnLoaded:function(o){gform.domLoaded&&gform.scriptsLoaded?o():!gform.domLoaded&&gform.scriptsLoaded?window.addEventListener(\"DOMContentLoaded\",o):document.addEventListener(\"gform_main_scripts_loaded\",o)},hooks:{action:{},filter:{}},addAction:function(o,n,r,t){gform.addHook(\"action\",o,n,r,t)},addFilter:function(o,n,r,t){gform.addHook(\"filter\",o,n,r,t)},doAction:function(o){gform.doHook(\"action\",o,arguments)},applyFilters:function(o){return gform.doHook(\"filter\",o,arguments)},removeAction:function(o,n){gform.removeHook(\"action\",o,n)},removeFilter:function(o,n,r){gform.removeHook(\"filter\",o,n,r)},addHook:function(o,n,r,t,i){null==gform.hooks[o][n]&&(gform.hooks[o][n]=[]);var e=gform.hooks[o][n];null==i&&(i=n+\"_\"+e.length),gform.hooks[o][n].push({tag:i,callable:r,priority:t=null==t?10:t})},doHook:function(n,o,r){var t;if(r=Array.prototype.slice.call(r,1),null!=gform.hooks[n][o]&&((o=gform.hooks[n][o]).sort(function(o,n){return o.priority-n.priority}),o.forEach(function(o){\"function\"!=typeof(t=o.callable)&&(t=window[t]),\"action\"==n?t.apply(null,r):r[0]=t.apply(null,r)})),\"filter\"==n)return r[0]},removeHook:function(o,n,t,i){var r;null!=gform.hooks[o][n]&&(r=(r=gform.hooks[o][n]).filter(function(o,n,r){return!!(null!=i&&i!=o.tag||null!=t&&t!=o.priority)}),gform.hooks[o][n]=r)}});<\/script>\n                <div class='gf_browser_gecko gform_wrapper gravity-theme gform-theme--no-framework' data-form-theme='gravity-theme' data-form-index='0' id='gform_wrapper_85' style='display:none'>\n                        <div class='gform_heading'>\n                            <p class='gform_description'><\/p>\n                        <\/div><form method='post' enctype='multipart\/form-data'  id='gform_85'  action='\/index.php?rest_route=%2Fwp%2Fv2%2Fpages%2F1278' data-formid='85' >\n                        <div class='gform-body gform_body'><div id='gform_fields_85' class='gform_fields top_label form_sublabel_below description_below'><div id=\"field_85_1\"  class=\"gfield gfield--type-text field_sublabel_below gfield--no-description field_description_below gfield_visibility_visible\"  data-js-reload=\"field_85_1\"><label class='gfield_label gform-field-label' for='input_85_1' >Zugangspasswort aus der Bestellbest\u00e4tigung eingeben<\/label><div class='ginput_container ginput_container_text'><input name='input_1' id='input_85_1' type='text' value='' class='large'      aria-invalid=\"false\"   \/> <\/div><\/div><\/div><\/div>\n        <div class='gform_footer top_label'> <input type='submit' id='gform_submit_button_85' class='gform_button button' value='Code g\u00fcltig! Spiel jetzt starten...'  onclick='if(window[\"gf_submitting_85\"]){return false;}  window[\"gf_submitting_85\"]=true;  ' onkeypress='if( event.keyCode == 13 ){ if(window[\"gf_submitting_85\"]){return false;} window[\"gf_submitting_85\"]=true;  jQuery(\"#gform_85\").trigger(\"submit\",[true]); }' \/> \n            <input type='hidden' class='gform_hidden' name='is_submit_85' value='1' \/>\n            <input type='hidden' class='gform_hidden' name='gform_submit' value='85' \/>\n            \n            <input type='hidden' class='gform_hidden' name='gform_unique_id' value='' \/>\n            <input type='hidden' class='gform_hidden' name='state_85' value='WyJbXSIsIjRmMGUxMWE3MDUyM2NjZWM3ZTAwOWZhZjJkNTQzYmVjIl0=' \/>\n            <input type='hidden' class='gform_hidden' name='gform_target_page_number_85' id='gform_target_page_number_85' value='0' \/>\n            <input type='hidden' class='gform_hidden' name='gform_source_page_number_85' id='gform_source_page_number_85' value='1' \/>\n            <input type='hidden' name='gform_field_values' value='' \/>\n            \n        <\/div>\n                        <\/form>\n                        <\/div><script type=\"text\/javascript\">\n\/* <![CDATA[ *\/\n gform.initializeOnLoaded( function() {gformInitSpinner( 85, 'https:\/\/mord-in-der-krypta-escape-game.de\/wp-content\/plugins\/gravityforms\/images\/spinner.svg', true );jQuery('#gform_ajax_frame_85').on('load',function(){var contents = jQuery(this).contents().find('*').html();var is_postback = contents.indexOf('GF_AJAX_POSTBACK') >= 0;if(!is_postback){return;}var form_content = jQuery(this).contents().find('#gform_wrapper_85');var is_confirmation = jQuery(this).contents().find('#gform_confirmation_wrapper_85').length > 0;var is_redirect = contents.indexOf('gformRedirect(){') >= 0;var is_form = form_content.length > 0 && ! is_redirect && ! is_confirmation;var mt = parseInt(jQuery('html').css('margin-top'), 10) + parseInt(jQuery('body').css('margin-top'), 10) + 100;if(is_form){jQuery('#gform_wrapper_85').html(form_content.html());if(form_content.hasClass('gform_validation_error')){jQuery('#gform_wrapper_85').addClass('gform_validation_error');} else {jQuery('#gform_wrapper_85').removeClass('gform_validation_error');}setTimeout( function() { \/* delay the scroll by 50 milliseconds to fix a bug in chrome *\/  }, 50 );if(window['gformInitDatepicker']) {gformInitDatepicker();}if(window['gformInitPriceFields']) {gformInitPriceFields();}var current_page = jQuery('#gform_source_page_number_85').val();gformInitSpinner( 85, 'https:\/\/mord-in-der-krypta-escape-game.de\/wp-content\/plugins\/gravityforms\/images\/spinner.svg', true );jQuery(document).trigger('gform_page_loaded', [85, current_page]);window['gf_submitting_85'] = false;}else if(!is_redirect){var confirmation_content = jQuery(this).contents().find('.GF_AJAX_POSTBACK').html();if(!confirmation_content){confirmation_content = contents;}setTimeout(function(){jQuery('#gform_wrapper_85').replaceWith(confirmation_content);jQuery(document).trigger('gform_confirmation_loaded', [85]);window['gf_submitting_85'] = false;wp.a11y.speak(jQuery('#gform_confirmation_message_85').text());}, 50);}else{jQuery('#gform_85').append(contents);if(window['gformRedirect']) {gformRedirect();}}jQuery(document).trigger('gform_post_render', [85, current_page]);gform.utils.trigger({ event: 'gform\/postRender', native: false, data: { formId: 85, currentPage: current_page } });} );} ); \n\/* ]]> *\/\n<\/script>\n<\/p>\n<p>[\/et_pb_text][\/et_pb_column][\/et_pb_row][\/et_pb_section]<\/p>\n","protected":false},"excerpt":{"rendered":"<p>Online Escape Game Der Totengr\u00e4ber und der Mord in der KryptaProlog zum Spiel Wien, ca. 1853: Es ist eine st\u00fcrmische Nacht. Ein frischer Wind weht Dietmar um die Nase, als er durch die n\u00e4chtliche Stadt schleicht. Gerade ist er aus dem Waisenhaus in Margareten im f\u00fcnften Bezirk geflohen, in dem er aufgewachsen ist. Schlimm genug, [&hellip;]<\/p>\n","protected":false},"author":9,"featured_media":0,"parent":0,"menu_order":0,"comment_status":"closed","ping_status":"closed","template":"","meta":{"_et_pb_use_builder":"on","_et_pb_old_content":"","_et_gb_content_width":"","inline_featured_image":false,"footnotes":""},"class_list":["post-1278","page","type-page","status-publish","hentry"],"_links":{"self":[{"href":"https:\/\/mord-in-der-krypta-escape-game.de\/index.php?rest_route=\/wp\/v2\/pages\/1278","targetHints":{"allow":["GET"]}}],"collection":[{"href":"https:\/\/mord-in-der-krypta-escape-game.de\/index.php?rest_route=\/wp\/v2\/pages"}],"about":[{"href":"https:\/\/mord-in-der-krypta-escape-game.de\/index.php?rest_route=\/wp\/v2\/types\/page"}],"author":[{"embeddable":true,"href":"https:\/\/mord-in-der-krypta-escape-game.de\/index.php?rest_route=\/wp\/v2\/users\/9"}],"replies":[{"embeddable":true,"href":"https:\/\/mord-in-der-krypta-escape-game.de\/index.php?rest_route=%2Fwp%2Fv2%2Fcomments&post=1278"}],"version-history":[{"count":263,"href":"https:\/\/mord-in-der-krypta-escape-game.de\/index.php?rest_route=\/wp\/v2\/pages\/1278\/revisions"}],"predecessor-version":[{"id":5817,"href":"https:\/\/mord-in-der-krypta-escape-game.de\/index.php?rest_route=\/wp\/v2\/pages\/1278\/revisions\/5817"}],"wp:attachment":[{"href":"https:\/\/mord-in-der-krypta-escape-game.de\/index.php?rest_route=%2Fwp%2Fv2%2Fmedia&parent=1278"}],"curies":[{"name":"wp","href":"https:\/\/api.w.org\/{rel}","templated":true}]}}